{"id":5996,"date":"2022-06-20T03:28:59","date_gmt":"2022-06-20T03:28:59","guid":{"rendered":"https:\/\/www.gradesa.com\/es\/?page_id=5996"},"modified":"2022-06-23T05:25:16","modified_gmt":"2022-06-23T05:25:16","slug":"recetas-torta-de-amapolas","status":"publish","type":"page","link":"https:\/\/www.gradesa.com\/es\/en\/recetas-torta-de-amapolas\/","title":{"rendered":"Torta de amapolas"},"content":{"rendered":"<div data-elementor-type=\"wp-page\" data-elementor-id=\"5996\" class=\"elementor elementor-5996\">\n\t\t\t\t\t\t\t\t\t<section class=\"elementor-section elementor-top-section elementor-element elementor-element-aff858c elementor-section-boxed elementor-section-height-default elementor-section-height-default\" data-id=\"aff858c\" data-element_type=\"section\">\n\t\t\t\t\t\t<div class=\"elementor-container elementor-column-gap-default\">\n\t\t\t\t\t<div class=\"elementor-column elementor-col-33 elementor-top-column elementor-element elementor-element-1b4d78b\" data-id=\"1b4d78b\" data-element_type=\"column\">\n\t\t\t<div class=\"elementor-widget-wrap\">\n\t\t\t\t\t\t\t\t\t<\/div>\n\t\t<\/div>\n\t\t\t\t<div class=\"elementor-column elementor-col-33 elementor-top-column elementor-element elementor-element-555ddfc\" data-id=\"555ddfc\" data-element_type=\"column\">\n\t\t\t<div class=\"elementor-widget-wrap elementor-element-populated\">\n\t\t\t\t\t\t\t\t<div class=\"elementor-element elementor-element-0d47c48 elementor-widget elementor-widget-image\" data-id=\"0d47c48\" data-element_type=\"widget\" data-widget_type=\"image.default\">\n\t\t\t\t<div class=\"elementor-widget-container\">\n\t\t\t<style>\/*! elementor - v3.16.0 - 20-09-2023 *\/\n.elementor-widget-image{text-align:center}.elementor-widget-image a{display:inline-block}.elementor-widget-image a img[src$=\".svg\"]{width:48px}.elementor-widget-image img{vertical-align:middle;display:inline-block}<\/style>\t\t\t\t\t\t\t\t\t\t\t\t<img loading=\"lazy\" decoding=\"async\" width=\"660\" height=\"330\" src=\"https:\/\/www.gradesa.com\/es\/wp-content\/uploads\/2022\/06\/TORTA-DE-AMAPOLAS-01-770x385.jpg\" class=\"attachment-large size-large wp-image-5960\" alt=\"\" \/>\t\t\t\t\t\t\t\t\t\t\t\t\t\t\t<\/div>\n\t\t\t\t<\/div>\n\t\t\t\t<div class=\"elementor-element elementor-element-56b2fc1 elementor-align-left elementor-widget elementor-widget-button\" data-id=\"56b2fc1\" data-element_type=\"widget\" data-widget_type=\"button.default\">\n\t\t\t\t<div class=\"elementor-widget-container\">\n\t\t\t\t\t<div class=\"elementor-button-wrapper\">\n\t\t\t<a class=\"elementor-button elementor-size-xs\" role=\"button\">\n\t\t\t\t\t\t<span class=\"elementor-button-content-wrapper\">\n\t\t\t\t\t\t<span class=\"elementor-button-text\">Postre<\/span>\n\t\t<\/span>\n\t\t\t\t\t<\/a>\n\t\t<\/div>\n\t\t\t\t<\/div>\n\t\t\t\t<\/div>\n\t\t\t\t<div class=\"elementor-element elementor-element-67f9587 elementor-widget elementor-widget-heading\" data-id=\"67f9587\" data-element_type=\"widget\" data-widget_type=\"heading.default\">\n\t\t\t\t<div class=\"elementor-widget-container\">\n\t\t\t<style>\/*! elementor - v3.16.0 - 20-09-2023 *\/\n.elementor-heading-title{padding:0;margin:0;line-height:1}.elementor-widget-heading .elementor-heading-title[class*=elementor-size-]>a{color:inherit;font-size:inherit;line-height:inherit}.elementor-widget-heading .elementor-heading-title.elementor-size-small{font-size:15px}.elementor-widget-heading .elementor-heading-title.elementor-size-medium{font-size:19px}.elementor-widget-heading .elementor-heading-title.elementor-size-large{font-size:29px}.elementor-widget-heading .elementor-heading-title.elementor-size-xl{font-size:39px}.elementor-widget-heading .elementor-heading-title.elementor-size-xxl{font-size:59px}<\/style><h2 class=\"elementor-heading-title elementor-size-default\">Torta de amapolas<\/h2>\t\t<\/div>\n\t\t\t\t<\/div>\n\t\t\t\t<div class=\"elementor-element elementor-element-48fc3be elementor-widget-divider--view-line elementor-widget elementor-widget-divider\" data-id=\"48fc3be\" data-element_type=\"widget\" data-widget_type=\"divider.default\">\n\t\t\t\t<div class=\"elementor-widget-container\">\n\t\t\t<style>\/*! elementor - v3.16.0 - 20-09-2023 *\/\n.elementor-widget-divider{--divider-border-style:none;--divider-border-width:1px;--divider-color:#0c0d0e;--divider-icon-size:20px;--divider-element-spacing:10px;--divider-pattern-height:24px;--divider-pattern-size:20px;--divider-pattern-url:none;--divider-pattern-repeat:repeat-x}.elementor-widget-divider .elementor-divider{display:flex}.elementor-widget-divider .elementor-divider__text{font-size:15px;line-height:1;max-width:95%}.elementor-widget-divider .elementor-divider__element{margin:0 var(--divider-element-spacing);flex-shrink:0}.elementor-widget-divider .elementor-icon{font-size:var(--divider-icon-size)}.elementor-widget-divider .elementor-divider-separator{display:flex;margin:0;direction:ltr}.elementor-widget-divider--view-line_icon .elementor-divider-separator,.elementor-widget-divider--view-line_text .elementor-divider-separator{align-items:center}.elementor-widget-divider--view-line_icon .elementor-divider-separator:after,.elementor-widget-divider--view-line_icon .elementor-divider-separator:before,.elementor-widget-divider--view-line_text .elementor-divider-separator:after,.elementor-widget-divider--view-line_text .elementor-divider-separator:before{display:block;content:\"\";border-bottom:0;flex-grow:1;border-top:var(--divider-border-width) var(--divider-border-style) var(--divider-color)}.elementor-widget-divider--element-align-left .elementor-divider .elementor-divider-separator>.elementor-divider__svg:first-of-type{flex-grow:0;flex-shrink:100}.elementor-widget-divider--element-align-left .elementor-divider-separator:before{content:none}.elementor-widget-divider--element-align-left .elementor-divider__element{margin-left:0}.elementor-widget-divider--element-align-right .elementor-divider .elementor-divider-separator>.elementor-divider__svg:last-of-type{flex-grow:0;flex-shrink:100}.elementor-widget-divider--element-align-right .elementor-divider-separator:after{content:none}.elementor-widget-divider--element-align-right .elementor-divider__element{margin-right:0}.elementor-widget-divider:not(.elementor-widget-divider--view-line_text):not(.elementor-widget-divider--view-line_icon) .elementor-divider-separator{border-top:var(--divider-border-width) var(--divider-border-style) var(--divider-color)}.elementor-widget-divider--separator-type-pattern{--divider-border-style:none}.elementor-widget-divider--separator-type-pattern.elementor-widget-divider--view-line .elementor-divider-separator,.elementor-widget-divider--separator-type-pattern:not(.elementor-widget-divider--view-line) .elementor-divider-separator:after,.elementor-widget-divider--separator-type-pattern:not(.elementor-widget-divider--view-line) .elementor-divider-separator:before,.elementor-widget-divider--separator-type-pattern:not([class*=elementor-widget-divider--view]) .elementor-divider-separator{width:100%;min-height:var(--divider-pattern-height);-webkit-mask-size:var(--divider-pattern-size) 100%;mask-size:var(--divider-pattern-size) 100%;-webkit-mask-repeat:var(--divider-pattern-repeat);mask-repeat:var(--divider-pattern-repeat);background-color:var(--divider-color);-webkit-mask-image:var(--divider-pattern-url);mask-image:var(--divider-pattern-url)}.elementor-widget-divider--no-spacing{--divider-pattern-size:auto}.elementor-widget-divider--bg-round{--divider-pattern-repeat:round}.rtl .elementor-widget-divider .elementor-divider__text{direction:rtl}.e-con-inner>.elementor-widget-divider,.e-con>.elementor-widget-divider{width:var(--container-widget-width,100%);--flex-grow:var(--container-widget-flex-grow)}<\/style>\t\t<div class=\"elementor-divider\">\n\t\t\t<span class=\"elementor-divider-separator\">\n\t\t\t\t\t\t<\/span>\n\t\t<\/div>\n\t\t\t\t<\/div>\n\t\t\t\t<\/div>\n\t\t\t\t<div class=\"elementor-element elementor-element-fdb9c6d elementor-widget elementor-widget-heading\" data-id=\"fdb9c6d\" data-element_type=\"widget\" data-widget_type=\"heading.default\">\n\t\t\t\t<div class=\"elementor-widget-container\">\n\t\t\t<h2 class=\"elementor-heading-title elementor-size-default\">Ingredientes macerar fruta<\/h2>\t\t<\/div>\n\t\t\t\t<\/div>\n\t\t\t\t<div class=\"elementor-element elementor-element-112a505 elementor-widget elementor-widget-text-editor\" data-id=\"112a505\" data-element_type=\"widget\" data-widget_type=\"text-editor.default\">\n\t\t\t\t<div class=\"elementor-widget-container\">\n\t\t\t<style>\/*! elementor - v3.16.0 - 20-09-2023 *\/\n.elementor-widget-text-editor.elementor-drop-cap-view-stacked .elementor-drop-cap{background-color:#69727d;color:#fff}.elementor-widget-text-editor.elementor-drop-cap-view-framed .elementor-drop-cap{color:#69727d;border:3px solid;background-color:transparent}.elementor-widget-text-editor:not(.elementor-drop-cap-view-default) .elementor-drop-cap{margin-top:8px}.elementor-widget-text-editor:not(.elementor-drop-cap-view-default) .elementor-drop-cap-letter{width:1em;height:1em}.elementor-widget-text-editor .elementor-drop-cap{float:left;text-align:center;line-height:1;font-size:50px}.elementor-widget-text-editor .elementor-drop-cap-letter{display:inline-block}<\/style>\t\t\t\t<p><span style=\"font-weight: 400;\">Elaboraci\u00f3n para macerar fruta<\/span><\/p><ul><li style=\"font-weight: 400;\" aria-level=\"1\">250g fruta cristalizada<\/li><li style=\"font-weight: 400;\" aria-level=\"1\">200g uvas pasas<\/li><li style=\"font-weight: 400;\" aria-level=\"1\"><span style=\"font-weight: 400;\">4 c\u00e1scaras de naranja<\/span><\/li><li aria-level=\"1\"><span style=\"font-weight: 400;\">1000g vino moscatel<\/span><\/li><li aria-level=\"1\">3 clavos en polvos<\/li><li aria-level=\"1\">1000g vino moscatel<\/li><li aria-level=\"1\">3 c\u00e1scaras de lim\u00f3n<\/li><li aria-level=\"1\">450g de nuez moscada<\/li><li aria-level=\"1\">350g almendra<\/li><\/ul><div>\u00a0<\/div>\t\t\t\t\t\t<\/div>\n\t\t\t\t<\/div>\n\t\t\t\t<div class=\"elementor-element elementor-element-b197183 elementor-widget elementor-widget-heading\" data-id=\"b197183\" data-element_type=\"widget\" data-widget_type=\"heading.default\">\n\t\t\t\t<div class=\"elementor-widget-container\">\n\t\t\t<h2 class=\"elementor-heading-title elementor-size-default\">Ingredientes premezcla ponque de amapola y fruta<\/h2>\t\t<\/div>\n\t\t\t\t<\/div>\n\t\t\t\t<div class=\"elementor-element elementor-element-57b4353 elementor-widget elementor-widget-text-editor\" data-id=\"57b4353\" data-element_type=\"widget\" data-widget_type=\"text-editor.default\">\n\t\t\t\t<div class=\"elementor-widget-container\">\n\t\t\t\t\t\t\t<p><span style=\"font-weight: 400;\">Elaboraci\u00f3n premezcla ponque de amapola y fruta :<\/span><\/p><ul><li style=\"font-weight: 400;\" aria-level=\"1\">1000g premezclas ponqu\u00e9 Gradesa<\/li><li style=\"font-weight: 400;\" aria-level=\"1\">470g huevo<\/li><li style=\"font-weight: 400;\" aria-level=\"1\">470g margarinas Andi ponque Gradesa<\/li><li aria-level=\"1\">5 e<span style=\"font-weight: 400;\">sencia naranja liposoluble<\/span><\/li><li aria-level=\"1\"><span style=\"font-weight: 400;\">90g de jugo naranja<\/span><\/li><li aria-level=\"1\">90g de agua<\/li><li aria-level=\"1\">30g de amapolas<\/li><li aria-level=\"1\">330g de frutas maceradas<\/li><\/ul>\t\t\t\t\t\t<\/div>\n\t\t\t\t<\/div>\n\t\t\t\t<div class=\"elementor-element elementor-element-63fad07 elementor-widget elementor-widget-heading\" data-id=\"63fad07\" data-element_type=\"widget\" data-widget_type=\"heading.default\">\n\t\t\t\t<div class=\"elementor-widget-container\">\n\t\t\t<h2 class=\"elementor-heading-title elementor-size-default\">Preparaci\u00f3n mermelada durazno con brillo glaseado italiano\n<\/h2>\t\t<\/div>\n\t\t\t\t<\/div>\n\t\t\t\t<div class=\"elementor-element elementor-element-b507c27 elementor-widget elementor-widget-text-editor\" data-id=\"b507c27\" data-element_type=\"widget\" data-widget_type=\"text-editor.default\">\n\t\t\t\t<div class=\"elementor-widget-container\">\n\t\t\t\t\t\t\t<p>Mezcla lista para Bizcuchuelos\u00a0<\/p><ul><li style=\"font-weight: 400;\" aria-level=\"1\">500g de mermelada de durazno<\/li><li aria-level=\"1\">100g de agua<\/li><li aria-level=\"1\">30g de color amarillob<\/li><li aria-level=\"1\">1 gelatina sin sabor<\/li><li aria-level=\"1\">40g de agua para hidratar gelatina \/ 6 veces<\/li><\/ul>\t\t\t\t\t\t<\/div>\n\t\t\t\t<\/div>\n\t\t\t\t<div class=\"elementor-element elementor-element-9464ef8 elementor-widget-divider--view-line elementor-widget elementor-widget-divider\" data-id=\"9464ef8\" data-element_type=\"widget\" data-widget_type=\"divider.default\">\n\t\t\t\t<div class=\"elementor-widget-container\">\n\t\t\t\t\t<div class=\"elementor-divider\">\n\t\t\t<span class=\"elementor-divider-separator\">\n\t\t\t\t\t\t<\/span>\n\t\t<\/div>\n\t\t\t\t<\/div>\n\t\t\t\t<\/div>\n\t\t\t\t<div class=\"elementor-element elementor-element-9fcba34 elementor-widget elementor-widget-heading\" data-id=\"9fcba34\" data-element_type=\"widget\" data-widget_type=\"heading.default\">\n\t\t\t\t<div class=\"elementor-widget-container\">\n\t\t\t<h2 class=\"elementor-heading-title elementor-size-default\">Elaboraci\u00f3n<\/h2>\t\t<\/div>\n\t\t\t\t<\/div>\n\t\t\t\t<div class=\"elementor-element elementor-element-92921a1 elementor-widget elementor-widget-text-editor\" data-id=\"92921a1\" data-element_type=\"widget\" data-widget_type=\"text-editor.default\">\n\t\t\t\t<div class=\"elementor-widget-container\">\n\t\t\t\t\t\t\t<ol><li>En un recipiente colocar los ingredientes del paso 1 de la receta,picar finamente las frutas\u00a0despu\u00e9s de que todos los ingredientes est\u00e9n integrados, este proceso se deja tapado por 6 dias el cual se fermenta y aporta maceraci\u00f3n al ponqu\u00e9 , para resaltar sabor y aroma.<\/li><li>Elaborar paso n\u00famero 2 de batido segun ficha tecnica de la premezcla ponque Gradesa , adicionalmente se agrega la amapola y la fruta previamente colada para retirar excesos de humedad de la fruta que estuvo en maceraci\u00f3n, se bate la fruta y la amapola con el batido en 1 velocidad por 1 min tomando la densidad del batido que no sea inferior a 0.70 con caja petri llevar al horno seg\u00fan par\u00e1metros de cada horno, cuando el ponqu\u00e9 alcance los 90\u00b0c internos al producto ya est\u00e1.<\/li><li><p><span style=\"font-weight: 400;\">En el tercer paso hidratar la gelatina en una olla colocar todos los ingredientes excepto la gelatina hidratada llevar a una temperatura 78\u00b0 , adicionar la gelatina hidratada llevar llevar a 100\u00b0c retira de la estufa. Con una brocha siliconada brillar el ponque ya fr\u00edo para dar un mejor aspecto y resalte la percepci\u00f3n visual lo que hace que quieran comprar el producto, coloca flores naturales como decoraci\u00f3n.<\/span><\/p><\/li><\/ol>\t\t\t\t\t\t<\/div>\n\t\t\t\t<\/div>\n\t\t\t\t\t<\/div>\n\t\t<\/div>\n\t\t\t\t<div class=\"elementor-column elementor-col-33 elementor-top-column elementor-element elementor-element-a051d75\" data-id=\"a051d75\" data-element_type=\"column\">\n\t\t\t<div class=\"elementor-widget-wrap\">\n\t\t\t\t\t\t\t\t\t<\/div>\n\t\t<\/div>\n\t\t\t\t\t\t\t<\/div>\n\t\t<\/section>\n\t\t\t\t<section class=\"elementor-section elementor-top-section elementor-element elementor-element-8a18068 elementor-section-boxed elementor-section-height-default elementor-section-height-default\" data-id=\"8a18068\" data-element_type=\"section\">\n\t\t\t\t\t\t<div class=\"elementor-container elementor-column-gap-default\">\n\t\t\t\t\t<div class=\"elementor-column elementor-col-100 elementor-top-column elementor-element elementor-element-a5a560b\" data-id=\"a5a560b\" data-element_type=\"column\">\n\t\t\t<div class=\"elementor-widget-wrap elementor-element-populated\">\n\t\t\t\t\t\t\t\t<div class=\"elementor-element elementor-element-4190ae6 elementor-widget elementor-widget-tbay-heading\" data-id=\"4190ae6\" data-element_type=\"widget\" data-widget_type=\"tbay-heading.default\">\n\t\t\t\t<div class=\"elementor-widget-container\">\n\t\t\t\n<div class=\"tbay-element tbay-element-heading\">\n\t\t\t\t<h3 class=\"heading-tbay-title style-1\">\n                \n                 \n\n\t\t\t\t\t\t\t\t\t<span class=\"title\">Recetas similares<\/span>\n\t\t\t\t\t    \t\n\n                \n                <i aria-hidden=\"true\" class=\"tb-icon tb-icon-check-circle\"><\/i>\n\t\t\t<\/h3>\n        <\/div>\t\t<\/div>\n\t\t\t\t<\/div>\n\t\t\t\t\t<\/div>\n\t\t<\/div>\n\t\t\t\t\t\t\t<\/div>\n\t\t<\/section>\n\t\t\t\t<section class=\"elementor-section elementor-top-section elementor-element elementor-element-12c64f7 elementor-section-boxed elementor-section-height-default elementor-section-height-default\" data-id=\"12c64f7\" data-element_type=\"section\">\n\t\t\t\t\t\t<div class=\"elementor-container elementor-column-gap-default\">\n\t\t\t\t\t<div class=\"elementor-column elementor-col-25 elementor-top-column elementor-element elementor-element-b2991d4\" data-id=\"b2991d4\" data-element_type=\"column\">\n\t\t\t<div class=\"elementor-widget-wrap elementor-element-populated\">\n\t\t\t\t\t\t\t\t<div class=\"elementor-element elementor-element-b05598d elementor-position-top elementor-widget elementor-widget-image-box\" data-id=\"b05598d\" data-element_type=\"widget\" data-widget_type=\"image-box.default\">\n\t\t\t\t<div class=\"elementor-widget-container\">\n\t\t\t<style>\/*! elementor - v3.16.0 - 20-09-2023 *\/\n.elementor-widget-image-box .elementor-image-box-content{width:100%}@media (min-width:768px){.elementor-widget-image-box.elementor-position-left .elementor-image-box-wrapper,.elementor-widget-image-box.elementor-position-right .elementor-image-box-wrapper{display:flex}.elementor-widget-image-box.elementor-position-right .elementor-image-box-wrapper{text-align:right;flex-direction:row-reverse}.elementor-widget-image-box.elementor-position-left .elementor-image-box-wrapper{text-align:left;flex-direction:row}.elementor-widget-image-box.elementor-position-top .elementor-image-box-img{margin:auto}.elementor-widget-image-box.elementor-vertical-align-top .elementor-image-box-wrapper{align-items:flex-start}.elementor-widget-image-box.elementor-vertical-align-middle .elementor-image-box-wrapper{align-items:center}.elementor-widget-image-box.elementor-vertical-align-bottom .elementor-image-box-wrapper{align-items:flex-end}}@media (max-width:767px){.elementor-widget-image-box .elementor-image-box-img{margin-left:auto!important;margin-right:auto!important;margin-bottom:15px}}.elementor-widget-image-box .elementor-image-box-img{display:inline-block}.elementor-widget-image-box .elementor-image-box-title a{color:inherit}.elementor-widget-image-box .elementor-image-box-wrapper{text-align:center}.elementor-widget-image-box .elementor-image-box-description{margin:0}<\/style><div class=\"elementor-image-box-wrapper\"><figure class=\"elementor-image-box-img\"><a href=\"https:\/\/www.gradesa.com\/es\/en\/receta-red-velvet\/\" tabindex=\"-1\"><img decoding=\"async\" src=\"https:\/\/www.gradesa.com\/es\/wp-content\/uploads\/elementor\/thumbs\/RV-pqj3bdyo89zr9kh2vys9qhphwu7quikoqwzajbxo04.jpg\" title=\"red-velvet\" alt=\"red-velvet\" loading=\"lazy\" \/><\/a><\/figure><div class=\"elementor-image-box-content\"><h3 class=\"elementor-image-box-title\"><a href=\"https:\/\/www.gradesa.com\/es\/en\/receta-red-velvet\/\">Red velvet<\/a><\/h3><\/div><\/div>\t\t<\/div>\n\t\t\t\t<\/div>\n\t\t\t\t\t<\/div>\n\t\t<\/div>\n\t\t\t\t<div class=\"elementor-column elementor-col-25 elementor-top-column elementor-element elementor-element-ae1d041\" data-id=\"ae1d041\" data-element_type=\"column\">\n\t\t\t<div class=\"elementor-widget-wrap elementor-element-populated\">\n\t\t\t\t\t\t\t\t<div class=\"elementor-element elementor-element-83cc1bb elementor-position-top elementor-widget elementor-widget-image-box\" data-id=\"83cc1bb\" data-element_type=\"widget\" data-widget_type=\"image-box.default\">\n\t\t\t\t<div class=\"elementor-widget-container\">\n\t\t\t<div class=\"elementor-image-box-wrapper\"><figure class=\"elementor-image-box-img\"><a href=\"https:\/\/www.gradesa.com\/es\/en\/receta-torta-milky-way\/\" tabindex=\"-1\"><img decoding=\"async\" src=\"https:\/\/www.gradesa.com\/es\/wp-content\/uploads\/elementor\/thumbs\/MW-pqkjimqjy2jazurnfa2hr9rl3fntxp1igb4hgpk81w.jpg\" title=\"milkyway-receta\" alt=\"milkyway-receta\" loading=\"lazy\" \/><\/a><\/figure><div class=\"elementor-image-box-content\"><h3 class=\"elementor-image-box-title\"><a href=\"https:\/\/www.gradesa.com\/es\/en\/receta-torta-milky-way\/\">Tortilla milky way<\/a><\/h3><\/div><\/div>\t\t<\/div>\n\t\t\t\t<\/div>\n\t\t\t\t\t<\/div>\n\t\t<\/div>\n\t\t\t\t<div class=\"elementor-column elementor-col-25 elementor-top-column elementor-element elementor-element-ba7b174\" data-id=\"ba7b174\" data-element_type=\"column\">\n\t\t\t<div class=\"elementor-widget-wrap elementor-element-populated\">\n\t\t\t\t\t\t\t\t<div class=\"elementor-element elementor-element-2860fac elementor-position-top elementor-widget elementor-widget-image-box\" data-id=\"2860fac\" data-element_type=\"widget\" data-widget_type=\"image-box.default\">\n\t\t\t\t<div class=\"elementor-widget-container\">\n\t\t\t<div class=\"elementor-image-box-wrapper\"><figure class=\"elementor-image-box-img\"><a href=\"https:\/\/www.gradesa.com\/es\/en\/receta-torta-tres-leche-maracuya\/\" tabindex=\"-1\"><img decoding=\"async\" src=\"https:\/\/www.gradesa.com\/es\/wp-content\/uploads\/elementor\/thumbs\/maracuy-pqkk4tpdb8x14ej3tvfdmo5e0y9tof5cu5n7dwnl50.jpg\" title=\"maracuya-postre\" alt=\"maracuya-postre\" loading=\"lazy\" \/><\/a><\/figure><div class=\"elementor-image-box-content\"><h3 class=\"elementor-image-box-title\"><a href=\"https:\/\/www.gradesa.com\/es\/en\/receta-torta-tres-leche-maracuya\/\">Torta tres leche de maracuy\u00e1<\/a><\/h3><\/div><\/div>\t\t<\/div>\n\t\t\t\t<\/div>\n\t\t\t\t\t<\/div>\n\t\t<\/div>\n\t\t\t\t<div class=\"elementor-column elementor-col-25 elementor-top-column elementor-element elementor-element-72082ec\" data-id=\"72082ec\" data-element_type=\"column\">\n\t\t\t<div class=\"elementor-widget-wrap elementor-element-populated\">\n\t\t\t\t\t\t\t\t<div class=\"elementor-element elementor-element-33bb173 elementor-position-top elementor-widget elementor-widget-image-box\" data-id=\"33bb173\" data-element_type=\"widget\" data-widget_type=\"image-box.default\">\n\t\t\t\t<div class=\"elementor-widget-container\">\n\t\t\t<div class=\"elementor-image-box-wrapper\"><figure class=\"elementor-image-box-img\"><a href=\"https:\/\/www.gradesa.com\/es\/en\/receta-chocoflan\/\" tabindex=\"-1\"><img decoding=\"async\" src=\"https:\/\/www.gradesa.com\/es\/wp-content\/uploads\/elementor\/thumbs\/CHOCOFLAN-01-pqkk7lc9fopfb2ido2htyz08zsmqcc4wjuso98jutg.jpg\" title=\"chocoflan\" alt=\"chocoflan\" loading=\"lazy\" \/><\/a><\/figure><div class=\"elementor-image-box-content\"><h3 class=\"elementor-image-box-title\"><a href=\"https:\/\/www.gradesa.com\/es\/en\/receta-chocoflan\/\">Chocoflan<\/a><\/h3><\/div><\/div>\t\t<\/div>\n\t\t\t\t<\/div>\n\t\t\t\t\t<\/div>\n\t\t<\/div>\n\t\t\t\t\t\t\t<\/div>\n\t\t<\/section>\n\t\t\t\t\t\t\t<\/div>","protected":false},"excerpt":{"rendered":"<p>Postre Torta de amapolas Ingredientes macerar fruta Elaboraci\u00f3n para macerar fruta 250g fruta cristalizada 200g uvas pasas 4 c\u00e1scaras de naranja 1000g vino moscatel 3 clavos en polvos 1000g vino moscatel 3 c\u00e1scaras de lim\u00f3n 450g de nuez moscada 350g almendra \u00a0 Ingredientes premezcla ponque de amapola y fruta Elaboraci\u00f3n premezcla ponque de amapola y &hellip; <a href=\"https:\/\/www.gradesa.com\/es\/en\/recetas-torta-de-amapolas\/\" class=\"more-link\">Continue reading <span class=\"screen-reader-text\">Torta de amapolas<\/span><\/a><\/p>","protected":false},"author":1,"featured_media":0,"parent":0,"menu_order":0,"comment_status":"closed","ping_status":"closed","template":"","meta":{"_joinchat":[],"footnotes":""},"class_list":["post-5996","page","type-page","status-publish","hentry"],"_links":{"self":[{"href":"https:\/\/www.gradesa.com\/es\/en\/wp-json\/wp\/v2\/pages\/5996","targetHints":{"allow":["GET"]}}],"collection":[{"href":"https:\/\/www.gradesa.com\/es\/en\/wp-json\/wp\/v2\/pages"}],"about":[{"href":"https:\/\/www.gradesa.com\/es\/en\/wp-json\/wp\/v2\/types\/page"}],"author":[{"embeddable":true,"href":"https:\/\/www.gradesa.com\/es\/en\/wp-json\/wp\/v2\/users\/1"}],"replies":[{"embeddable":true,"href":"https:\/\/www.gradesa.com\/es\/en\/wp-json\/wp\/v2\/comments?post=5996"}],"version-history":[{"count":17,"href":"https:\/\/www.gradesa.com\/es\/en\/wp-json\/wp\/v2\/pages\/5996\/revisions"}],"predecessor-version":[{"id":6159,"href":"https:\/\/www.gradesa.com\/es\/en\/wp-json\/wp\/v2\/pages\/5996\/revisions\/6159"}],"wp:attachment":[{"href":"https:\/\/www.gradesa.com\/es\/en\/wp-json\/wp\/v2\/media?parent=5996"}],"curies":[{"name":"wp","href":"https:\/\/api.w.org\/{rel}","templated":true}]}}