{"id":4568,"date":"2022-06-04T21:33:39","date_gmt":"2022-06-04T21:33:39","guid":{"rendered":"https:\/\/www.gradesa.com\/es\/?page_id=4568"},"modified":"2024-08-13T17:18:47","modified_gmt":"2024-08-13T17:18:47","slug":"gestion-humana","status":"publish","type":"page","link":"https:\/\/www.gradesa.com\/es\/gestion-humana\/","title":{"rendered":"Gesti\u00f3n Humana"},"content":{"rendered":"\t\t<div data-elementor-type=\"wp-page\" data-elementor-id=\"4568\" class=\"elementor elementor-4568\">\n\t\t\t\t\t\t\t\t\t<section class=\"elementor-section elementor-top-section elementor-element elementor-element-3fbcfcd elementor-section-boxed elementor-section-height-default elementor-section-height-default\" data-id=\"3fbcfcd\" data-element_type=\"section\">\n\t\t\t\t\t\t<div class=\"elementor-container elementor-column-gap-default\">\n\t\t\t\t\t<div class=\"elementor-column elementor-col-100 elementor-top-column elementor-element elementor-element-79e7fe0\" data-id=\"79e7fe0\" data-element_type=\"column\">\n\t\t\t<div class=\"elementor-widget-wrap elementor-element-populated\">\n\t\t\t\t\t\t\t\t<div class=\"elementor-element elementor-element-537d47e7 elementor-widget elementor-widget-tbay-heading\" data-id=\"537d47e7\" data-element_type=\"widget\" data-widget_type=\"tbay-heading.default\">\n\t\t\t\t<div class=\"elementor-widget-container\">\n\t\t\t\n<div class=\"tbay-element tbay-element-heading\">\n\t\t\t\t<h4 class=\"heading-tbay-title style-1\">\n                \n                 \n\n\t\t\t\t\t\t\t\t\t<span class=\"title\">Nuestro equipo<\/span>\n\t\t\t\t\t    \t\n\n                \n                <i aria-hidden=\"true\" class=\"tb-icon tb-icon-wave\"><\/i>\n\t\t\t<\/h4>\n        <\/div>\t\t<\/div>\n\t\t\t\t<\/div>\n\t\t\t\t\t<\/div>\n\t\t<\/div>\n\t\t\t\t\t\t\t<\/div>\n\t\t<\/section>\n\t\t\t\t<section class=\"elementor-section elementor-top-section elementor-element elementor-element-7e72a37 elementor-section-boxed elementor-section-height-default elementor-section-height-default\" data-id=\"7e72a37\" data-element_type=\"section\">\n\t\t\t\t\t\t<div class=\"elementor-container elementor-column-gap-default\">\n\t\t\t\t\t<div class=\"elementor-column elementor-col-100 elementor-top-column elementor-element elementor-element-7571f63\" data-id=\"7571f63\" data-element_type=\"column\">\n\t\t\t<div class=\"elementor-widget-wrap elementor-element-populated\">\n\t\t\t\t\t\t\t\t<div class=\"elementor-element elementor-element-00ba38f elementor-widget elementor-widget-tbay-our-team\" data-id=\"00ba38f\" data-element_type=\"widget\" data-widget_type=\"tbay-our-team.default\">\n\t\t\t\t<div class=\"elementor-widget-container\">\n\t\t\t\n<div class=\"tbay-element tbay-element-our-team\">\n    \n    <div class=\"our-team row grid\" data-xlgdesktop=\"4\" data-desktop=\"5\" data-desktopsmall=\"3\" data-tablet=\"3\" data-landscape=\"2\" data-mobile=\"2\">\n                \n            <div class=\"item\">\n                 \n        <div class=\"inner\"> \n           \n            <div class=\"our-team-content\">\n                <img loading=\"lazy\" decoding=\"async\" width=\"678\" height=\"1080\" src=\"https:\/\/www.gradesa.com\/es\/wp-content\/uploads\/2022\/06\/CARLOS-EDILBERTO-CHAPARRO1.jpg\" class=\"attachment-full size-full\" alt=\"\" \/>            <\/div>\n            <div class=\"info\">\n                <h3 class=\"name-team\">\n                    Carlos Edilberto Chaparro <br> <small>Gerente F\u00e1brica<\/small>                <\/h3>\n                <p class=\"job\">\n                                    <\/p>    \n            <\/div>\n            <ul class=\"social-link\">\n                                                                                                                                                                                                                                                        <\/ul>\n        <\/div>\n                    <\/div>\n\n                \n            <div class=\"item\">\n                 \n        <div class=\"inner\"> \n           \n            <div class=\"our-team-content\">\n                <img loading=\"lazy\" decoding=\"async\" width=\"678\" height=\"1080\" src=\"https:\/\/www.gradesa.com\/es\/wp-content\/uploads\/2022\/06\/IRIS-OLIVERA-SIERRA1.jpg\" class=\"attachment-full size-full\" alt=\"\" \/>            <\/div>\n            <div class=\"info\">\n                <h3 class=\"name-team\">\n                    Iris Olivera Sierra<br> <small>L\u00edder de Comercio Exterior<\/small>                <\/h3>\n                <p class=\"job\">\n                                    <\/p>    \n            <\/div>\n            <ul class=\"social-link\">\n                                                                                                                                                                                                                                                        <\/ul>\n        <\/div>\n                    <\/div>\n\n                \n            <div class=\"item\">\n                 \n        <div class=\"inner\"> \n           \n            <div class=\"our-team-content\">\n                <img loading=\"lazy\" decoding=\"async\" width=\"678\" height=\"1080\" src=\"https:\/\/www.gradesa.com\/es\/wp-content\/uploads\/2022\/06\/CARLOS-REYES-STAND1.jpg\" class=\"attachment-full size-full\" alt=\"\" \/>            <\/div>\n            <div class=\"info\">\n                <h3 class=\"name-team\">\n                    Carlos Reyes Stand <br> <small>Director de Log\u00edstica<\/small>                <\/h3>\n                <p class=\"job\">\n                                    <\/p>    \n            <\/div>\n            <ul class=\"social-link\">\n                                                                                                                                                                                                                                                        <\/ul>\n        <\/div>\n                    <\/div>\n\n                \n            <div class=\"item\">\n                 \n        <div class=\"inner\"> \n           \n            <div class=\"our-team-content\">\n                <img loading=\"lazy\" decoding=\"async\" width=\"678\" height=\"1080\" src=\"https:\/\/www.gradesa.com\/es\/wp-content\/uploads\/2022\/07\/Karem-Camargo-Lozano.jpg\" class=\"attachment-full size-full\" alt=\"\" \/>            <\/div>\n            <div class=\"info\">\n                <h3 class=\"name-team\">\n                    Karem Camargo Lozano <br> <small>Ing. Ambiental y Sanitaria<\/small>                <\/h3>\n                <p class=\"job\">\n                                    <\/p>    \n            <\/div>\n            <ul class=\"social-link\">\n                                                                                                                                                                                                                                                        <\/ul>\n        <\/div>\n                    <\/div>\n\n                \n            <div class=\"item\">\n                 \n        <div class=\"inner\"> \n           \n            <div class=\"our-team-content\">\n                <img loading=\"lazy\" decoding=\"async\" width=\"678\" height=\"1080\" src=\"https:\/\/www.gradesa.com\/es\/wp-content\/uploads\/2022\/08\/RAFAEL-MARTINEZ.jpg\" class=\"attachment-full size-full\" alt=\"\" \/>            <\/div>\n            <div class=\"info\">\n                <h3 class=\"name-team\">\n                    Rafael Mart\u00ednez Corpas <br> <small>Jefe de Sistemas<\/small>                <\/h3>\n                <p class=\"job\">\n                                    <\/p>    \n            <\/div>\n            <ul class=\"social-link\">\n                                                                                                                                                                                                                                                        <\/ul>\n        <\/div>\n                    <\/div>\n\n                \n            <div class=\"item\">\n                 \n        <div class=\"inner\"> \n           \n            <div class=\"our-team-content\">\n                <img loading=\"lazy\" decoding=\"async\" width=\"678\" height=\"1080\" src=\"https:\/\/www.gradesa.com\/es\/wp-content\/uploads\/2022\/08\/ELESKY.jpg\" class=\"attachment-full size-full\" alt=\"\" \/>            <\/div>\n            <div class=\"info\">\n                <h3 class=\"name-team\">\n                    Elesky Ari\u00f1a Romero<br> <small>Coordinador Gesti\u00f3n Humana<\/small>                <\/h3>\n                <p class=\"job\">\n                                    <\/p>    \n            <\/div>\n            <ul class=\"social-link\">\n                                                                                                                                                                                                                                                        <\/ul>\n        <\/div>\n                    <\/div>\n\n                \n            <div class=\"item\">\n                 \n        <div class=\"inner\"> \n           \n            <div class=\"our-team-content\">\n                <img loading=\"lazy\" decoding=\"async\" width=\"678\" height=\"1080\" src=\"https:\/\/www.gradesa.com\/es\/wp-content\/uploads\/2022\/06\/JOSE-POSADA-POSADA1.jpg\" class=\"attachment-full size-full\" alt=\"\" \/>            <\/div>\n            <div class=\"info\">\n                <h3 class=\"name-team\">\n                    Jos\u00e9 Posada Posada <br> <small>Director Divisi\u00f3n Agr\u00edcola<\/small>                <\/h3>\n                <p class=\"job\">\n                                    <\/p>    \n            <\/div>\n            <ul class=\"social-link\">\n                                                                                                                                                                                                                                                        <\/ul>\n        <\/div>\n                    <\/div>\n\n            <\/div>\n<\/div>\t\t<\/div>\n\t\t\t\t<\/div>\n\t\t\t\t\t<\/div>\n\t\t<\/div>\n\t\t\t\t\t\t\t<\/div>\n\t\t<\/section>\n\t\t\t\t<section class=\"elementor-section elementor-top-section elementor-element elementor-element-54326fcf elementor-section-stretched elementor-section-boxed elementor-section-height-default elementor-section-height-default\" data-id=\"54326fcf\" data-element_type=\"section\" data-settings=\"{&quot;stretch_section&quot;:&quot;section-stretched&quot;}\">\n\t\t\t\t\t\t<div class=\"elementor-container elementor-column-gap-default\">\n\t\t\t\t\t<div class=\"elementor-column elementor-col-100 elementor-top-column elementor-element elementor-element-4446a036\" data-id=\"4446a036\" data-element_type=\"column\">\n\t\t\t<div class=\"elementor-widget-wrap elementor-element-populated\">\n\t\t\t\t\t\t\t\t<div class=\"elementor-element elementor-element-5cfb7cee elementor-widget-divider--view-line elementor-widget elementor-widget-divider\" data-id=\"5cfb7cee\" data-element_type=\"widget\" data-widget_type=\"divider.default\">\n\t\t\t\t<div class=\"elementor-widget-container\">\n\t\t\t<style>\/*! elementor - v3.16.0 - 20-09-2023 *\/\n.elementor-widget-divider{--divider-border-style:none;--divider-border-width:1px;--divider-color:#0c0d0e;--divider-icon-size:20px;--divider-element-spacing:10px;--divider-pattern-height:24px;--divider-pattern-size:20px;--divider-pattern-url:none;--divider-pattern-repeat:repeat-x}.elementor-widget-divider .elementor-divider{display:flex}.elementor-widget-divider .elementor-divider__text{font-size:15px;line-height:1;max-width:95%}.elementor-widget-divider .elementor-divider__element{margin:0 var(--divider-element-spacing);flex-shrink:0}.elementor-widget-divider .elementor-icon{font-size:var(--divider-icon-size)}.elementor-widget-divider .elementor-divider-separator{display:flex;margin:0;direction:ltr}.elementor-widget-divider--view-line_icon .elementor-divider-separator,.elementor-widget-divider--view-line_text .elementor-divider-separator{align-items:center}.elementor-widget-divider--view-line_icon .elementor-divider-separator:after,.elementor-widget-divider--view-line_icon .elementor-divider-separator:before,.elementor-widget-divider--view-line_text .elementor-divider-separator:after,.elementor-widget-divider--view-line_text .elementor-divider-separator:before{display:block;content:\"\";border-bottom:0;flex-grow:1;border-top:var(--divider-border-width) var(--divider-border-style) var(--divider-color)}.elementor-widget-divider--element-align-left .elementor-divider .elementor-divider-separator>.elementor-divider__svg:first-of-type{flex-grow:0;flex-shrink:100}.elementor-widget-divider--element-align-left .elementor-divider-separator:before{content:none}.elementor-widget-divider--element-align-left .elementor-divider__element{margin-left:0}.elementor-widget-divider--element-align-right .elementor-divider .elementor-divider-separator>.elementor-divider__svg:last-of-type{flex-grow:0;flex-shrink:100}.elementor-widget-divider--element-align-right .elementor-divider-separator:after{content:none}.elementor-widget-divider--element-align-right .elementor-divider__element{margin-right:0}.elementor-widget-divider:not(.elementor-widget-divider--view-line_text):not(.elementor-widget-divider--view-line_icon) .elementor-divider-separator{border-top:var(--divider-border-width) var(--divider-border-style) var(--divider-color)}.elementor-widget-divider--separator-type-pattern{--divider-border-style:none}.elementor-widget-divider--separator-type-pattern.elementor-widget-divider--view-line .elementor-divider-separator,.elementor-widget-divider--separator-type-pattern:not(.elementor-widget-divider--view-line) .elementor-divider-separator:after,.elementor-widget-divider--separator-type-pattern:not(.elementor-widget-divider--view-line) .elementor-divider-separator:before,.elementor-widget-divider--separator-type-pattern:not([class*=elementor-widget-divider--view]) .elementor-divider-separator{width:100%;min-height:var(--divider-pattern-height);-webkit-mask-size:var(--divider-pattern-size) 100%;mask-size:var(--divider-pattern-size) 100%;-webkit-mask-repeat:var(--divider-pattern-repeat);mask-repeat:var(--divider-pattern-repeat);background-color:var(--divider-color);-webkit-mask-image:var(--divider-pattern-url);mask-image:var(--divider-pattern-url)}.elementor-widget-divider--no-spacing{--divider-pattern-size:auto}.elementor-widget-divider--bg-round{--divider-pattern-repeat:round}.rtl .elementor-widget-divider .elementor-divider__text{direction:rtl}.e-con-inner>.elementor-widget-divider,.e-con>.elementor-widget-divider{width:var(--container-widget-width,100%);--flex-grow:var(--container-widget-flex-grow)}<\/style>\t\t<div class=\"elementor-divider\">\n\t\t\t<span class=\"elementor-divider-separator\">\n\t\t\t\t\t\t<\/span>\n\t\t<\/div>\n\t\t\t\t<\/div>\n\t\t\t\t<\/div>\n\t\t\t\t\t<\/div>\n\t\t<\/div>\n\t\t\t\t\t\t\t<\/div>\n\t\t<\/section>\n\t\t\t\t\t\t\t<\/div>\n\t\t","protected":false},"excerpt":{"rendered":"<p>Nuestro equipo Carlos Edilberto Chaparro Gerente F\u00e1brica Iris Olivera Sierra L\u00edder de Comercio Exterior Carlos Reyes Stand Director de Log\u00edstica Karem Camargo Lozano Ing. Ambiental y Sanitaria Rafael Mart\u00ednez Corpas Jefe de Sistemas Elesky Ari\u00f1a Romero Coordinador Gesti\u00f3n Humana Jos\u00e9 Posada Posada Director Divisi\u00f3n Agr\u00edcola<\/p>\n","protected":false},"author":1,"featured_media":0,"parent":0,"menu_order":0,"comment_status":"closed","ping_status":"closed","template":"","meta":{"_joinchat":[],"footnotes":""},"class_list":["post-4568","page","type-page","status-publish","hentry"],"_links":{"self":[{"href":"https:\/\/www.gradesa.com\/es\/wp-json\/wp\/v2\/pages\/4568","targetHints":{"allow":["GET"]}}],"collection":[{"href":"https:\/\/www.gradesa.com\/es\/wp-json\/wp\/v2\/pages"}],"about":[{"href":"https:\/\/www.gradesa.com\/es\/wp-json\/wp\/v2\/types\/page"}],"author":[{"embeddable":true,"href":"https:\/\/www.gradesa.com\/es\/wp-json\/wp\/v2\/users\/1"}],"replies":[{"embeddable":true,"href":"https:\/\/www.gradesa.com\/es\/wp-json\/wp\/v2\/comments?post=4568"}],"version-history":[{"count":101,"href":"https:\/\/www.gradesa.com\/es\/wp-json\/wp\/v2\/pages\/4568\/revisions"}],"predecessor-version":[{"id":7065,"href":"https:\/\/www.gradesa.com\/es\/wp-json\/wp\/v2\/pages\/4568\/revisions\/7065"}],"wp:attachment":[{"href":"https:\/\/www.gradesa.com\/es\/wp-json\/wp\/v2\/media?parent=4568"}],"curies":[{"name":"wp","href":"https:\/\/api.w.org\/{rel}","templated":true}]}}