{"id":4613,"date":"2022-06-04T22:34:11","date_gmt":"2022-06-04T22:34:11","guid":{"rendered":"https:\/\/www.gradesa.com\/es\/?page_id=4613"},"modified":"2022-07-04T22:42:29","modified_gmt":"2022-07-04T22:42:29","slug":"gestion-ambiental","status":"publish","type":"page","link":"https:\/\/www.gradesa.com\/es\/gestion-ambiental\/","title":{"rendered":"Gesti\u00f3n Ambiental"},"content":{"rendered":"\t\t<div data-elementor-type=\"wp-page\" data-elementor-id=\"4613\" class=\"elementor elementor-4613\">\n\t\t\t\t\t\t\t\t\t<section class=\"elementor-section elementor-top-section elementor-element elementor-element-4a00304 elementor-section-stretched elementor-section-boxed elementor-section-height-default elementor-section-height-default\" data-id=\"4a00304\" data-element_type=\"section\" data-settings=\"{&quot;stretch_section&quot;:&quot;section-stretched&quot;}\">\n\t\t\t\t\t\t<div class=\"elementor-container elementor-column-gap-default\">\n\t\t\t\t\t<div class=\"elementor-column elementor-col-100 elementor-top-column elementor-element elementor-element-04322bc\" data-id=\"04322bc\" data-element_type=\"column\">\n\t\t\t<div class=\"elementor-widget-wrap elementor-element-populated\">\n\t\t\t\t\t\t\t\t<div class=\"elementor-element elementor-element-b867448 elementor-widget elementor-widget-slider_revolution\" data-id=\"b867448\" data-element_type=\"widget\" data-widget_type=\"slider_revolution.default\">\n\t\t\t\t<div class=\"elementor-widget-container\">\n\t\t\t\n\t\t<div class=\"wp-block-themepunch-revslider\">\n\t\t\t<!-- START Banner gestion ambiental REVOLUTION SLIDER 6.5.14 --><p class=\"rs-p-wp-fix\"><\/p>\n\t\t\t<rs-module-wrap id=\"rev_slider_7_1_wrapper\" data-source=\"gallery\" style=\"visibility:hidden;background:transparent;padding:0;margin:0px auto;margin-top:0;margin-bottom:0;\">\n\t\t\t\t<rs-module id=\"rev_slider_7_1\" style=\"\" data-version=\"6.5.14\">\n\t\t\t\t\t<rs-slides>\n\t\t\t\t\t\t<rs-slide style=\"position: absolute;\" data-key=\"rs-15\" data-title=\"Slide\" data-in=\"o:0;\" data-out=\"a:false;\">\n\t\t\t\t\t\t\t<img loading=\"lazy\" decoding=\"async\" src=\"\/\/www.gradesa.com\/es\/wp-content\/plugins\/revslider\/public\/assets\/assets\/dummy.png\" alt=\"\" title=\"bg-gestion-ambiental\" width=\"2560\" height=\"591\" class=\"rev-slidebg tp-rs-img rs-lazyload\" data-lazyload=\"\/\/www.gradesa.com\/es\/wp-content\/uploads\/2022\/06\/bg-gestion-ambiental-scaled.jpg\" data-no-retina>\n<!--\n\t\t\t\t\t\t\t--><rs-layer\n\t\t\t\t\t\t\t\tid=\"slider-7-slide-15-layer-7\" \n\t\t\t\t\t\t\t\tdata-type=\"text\"\n\t\t\t\t\t\t\t\tdata-color=\"#fff\"\n\t\t\t\t\t\t\t\tdata-rsp_ch=\"on\"\n\t\t\t\t\t\t\t\tdata-xy=\"x:c;xo:0,0,-1px,0;y:m;yo:-3px,-1px,0,0;\"\n\t\t\t\t\t\t\t\tdata-text=\"w:normal;s:58,49,48,31;l:60,52,51,33;ls:2,0,0,0;fw:700;a:left,left,center,center;\"\n\t\t\t\t\t\t\t\tdata-dim=\"w:597,473,458px,303px;minh:0,none,none,none;\"\n\t\t\t\t\t\t\t\tdata-frame_999=\"o:0;st:w;\"\n\t\t\t\t\t\t\t\tstyle=\"z-index:10;font-family:'Trebuchet MS', 'Helvetica', 'sans-serif';\"\n\t\t\t\t\t\t\t>GESTI\u00d3N AMBIENTAL \n\t\t\t\t\t\t\t<\/rs-layer><!--\n-->\t\t\t\t\t\t<\/rs-slide>\n\t\t\t\t\t<\/rs-slides>\n\t\t\t\t<\/rs-module>\n\t\t\t\t<script>\n\t\t\t\t\tsetREVStartSize({c: 'rev_slider_7_1',rl:[1240,1024,778,480],el:[350,350,350,200],gw:[1240,768,778,480],gh:[350,350,350,200],type:'standard',justify:'',layout:'fullwidth',mh:\"0\"});if (window.RS_MODULES!==undefined && window.RS_MODULES.modules!==undefined && window.RS_MODULES.modules[\"revslider71\"]!==undefined) {window.RS_MODULES.modules[\"revslider71\"].once = false;window.revapi7 = undefined;if (window.RS_MODULES.checkMinimal!==undefined) window.RS_MODULES.checkMinimal()}\n\t\t\t\t<\/script>\n\t\t\t<\/rs-module-wrap>\n\t\t\t<!-- END REVOLUTION SLIDER -->\n<\/div>\n\n\t\t\t\t<\/div>\n\t\t\t\t<\/div>\n\t\t\t\t\t<\/div>\n\t\t<\/div>\n\t\t\t\t\t\t\t<\/div>\n\t\t<\/section>\n\t\t\t\t<section class=\"elementor-section elementor-top-section elementor-element elementor-element-3fbcfcd elementor-hidden-desktop elementor-hidden-tablet elementor-hidden-mobile elementor-section-boxed elementor-section-height-default elementor-section-height-default\" data-id=\"3fbcfcd\" data-element_type=\"section\">\n\t\t\t\t\t\t<div class=\"elementor-container elementor-column-gap-default\">\n\t\t\t\t\t<div class=\"elementor-column elementor-col-100 elementor-top-column elementor-element elementor-element-79e7fe0\" data-id=\"79e7fe0\" data-element_type=\"column\">\n\t\t\t<div class=\"elementor-widget-wrap elementor-element-populated\">\n\t\t\t\t\t\t\t\t<div class=\"elementor-element elementor-element-1163678 elementor-widget elementor-widget-text-editor\" data-id=\"1163678\" data-element_type=\"widget\" data-widget_type=\"text-editor.default\">\n\t\t\t\t<div class=\"elementor-widget-container\">\n\t\t\t<style>\/*! elementor - v3.16.0 - 20-09-2023 *\/\n.elementor-widget-text-editor.elementor-drop-cap-view-stacked .elementor-drop-cap{background-color:#69727d;color:#fff}.elementor-widget-text-editor.elementor-drop-cap-view-framed .elementor-drop-cap{color:#69727d;border:3px solid;background-color:transparent}.elementor-widget-text-editor:not(.elementor-drop-cap-view-default) .elementor-drop-cap{margin-top:8px}.elementor-widget-text-editor:not(.elementor-drop-cap-view-default) .elementor-drop-cap-letter{width:1em;height:1em}.elementor-widget-text-editor .elementor-drop-cap{float:left;text-align:center;line-height:1;font-size:50px}.elementor-widget-text-editor .elementor-drop-cap-letter{display:inline-block}<\/style>\t\t\t\t<div class=\"elementor-element elementor-element-53537919 elementor-widget elementor-widget-text-editor\" data-id=\"53537919\" data-element_type=\"widget\" data-widget_type=\"text-editor.default\"><div class=\"elementor-widget-container\"><p>GRADESA S.A. es una empresa socialmente responsable, su participaci\u00f3n con la comunidad es activa logrando as\u00ed el mejoramiento de la calidad de vida de las familias asentadas en sus zonas de influencia.<\/p><p>\u00a0<\/p><\/div><\/div><div class=\"elementor-element elementor-element-af76cd9 elementor-widget elementor-widget-text-editor\" data-id=\"af76cd9\" data-element_type=\"widget\" data-widget_type=\"text-editor.default\"><div class=\"elementor-widget-container\"><p>En cumplimiento con las acciones de responsabilidad ambiental empresarial, proporciona recursos log\u00edsticos, econommicos, t\u00e9cnicos y financieros, con el fin de apoyar las labores desarrolladas a trav\u00e9s de las l\u00edneas estrat\u00e9gicas de FUNDEPALMA; cuya organizaci\u00f3n es una fundaci\u00f3n para el desarrollo de las zonas palmeras de Colombia a la cual GRADESA se encuentra asociada junto con otras cuatro palmeras del sector.<\/p><p>\u00a0<\/p><\/div><\/div><div class=\"elementor-element elementor-element-389775c elementor-widget elementor-widget-text-editor\" data-id=\"389775c\" data-element_type=\"widget\" data-widget_type=\"text-editor.default\"><div class=\"elementor-widget-container\"><p>Nuestro departamento de gesti\u00f3n ambiental ha dise\u00f1ado varios programas con el fin de darle manejo a las diferentes problem\u00e1ticas ambientales que pueden generarse dentro de la empresa con el fin de proteger la salud humana y el ambiente e invita al personal de la empresa y a los visitantes al cumplimiento de unos deberes ambientales en pro de la sostenibilidad.<\/p><\/div><\/div>\t\t\t\t\t\t<\/div>\n\t\t\t\t<\/div>\n\t\t\t\t\t<\/div>\n\t\t<\/div>\n\t\t\t\t\t\t\t<\/div>\n\t\t<\/section>\n\t\t\t\t<section class=\"elementor-section elementor-top-section elementor-element elementor-element-4c9f73d9 elementor-section-stretched elementor-section-boxed elementor-section-height-default elementor-section-height-default\" data-id=\"4c9f73d9\" data-element_type=\"section\" data-settings=\"{&quot;stretch_section&quot;:&quot;section-stretched&quot;}\">\n\t\t\t\t\t\t<div class=\"elementor-container elementor-column-gap-default\">\n\t\t\t\t\t<div class=\"elementor-column elementor-col-100 elementor-top-column elementor-element elementor-element-5844ccfd\" data-id=\"5844ccfd\" data-element_type=\"column\">\n\t\t\t<div class=\"elementor-widget-wrap elementor-element-populated\">\n\t\t\t\t\t\t\t\t<div class=\"elementor-element elementor-element-68414768 elementor-widget-divider--view-line elementor-widget elementor-widget-divider\" data-id=\"68414768\" data-element_type=\"widget\" data-widget_type=\"divider.default\">\n\t\t\t\t<div class=\"elementor-widget-container\">\n\t\t\t<style>\/*! elementor - v3.16.0 - 20-09-2023 *\/\n.elementor-widget-divider{--divider-border-style:none;--divider-border-width:1px;--divider-color:#0c0d0e;--divider-icon-size:20px;--divider-element-spacing:10px;--divider-pattern-height:24px;--divider-pattern-size:20px;--divider-pattern-url:none;--divider-pattern-repeat:repeat-x}.elementor-widget-divider .elementor-divider{display:flex}.elementor-widget-divider .elementor-divider__text{font-size:15px;line-height:1;max-width:95%}.elementor-widget-divider .elementor-divider__element{margin:0 var(--divider-element-spacing);flex-shrink:0}.elementor-widget-divider .elementor-icon{font-size:var(--divider-icon-size)}.elementor-widget-divider .elementor-divider-separator{display:flex;margin:0;direction:ltr}.elementor-widget-divider--view-line_icon .elementor-divider-separator,.elementor-widget-divider--view-line_text .elementor-divider-separator{align-items:center}.elementor-widget-divider--view-line_icon .elementor-divider-separator:after,.elementor-widget-divider--view-line_icon .elementor-divider-separator:before,.elementor-widget-divider--view-line_text .elementor-divider-separator:after,.elementor-widget-divider--view-line_text .elementor-divider-separator:before{display:block;content:\"\";border-bottom:0;flex-grow:1;border-top:var(--divider-border-width) var(--divider-border-style) var(--divider-color)}.elementor-widget-divider--element-align-left .elementor-divider .elementor-divider-separator>.elementor-divider__svg:first-of-type{flex-grow:0;flex-shrink:100}.elementor-widget-divider--element-align-left .elementor-divider-separator:before{content:none}.elementor-widget-divider--element-align-left .elementor-divider__element{margin-left:0}.elementor-widget-divider--element-align-right .elementor-divider .elementor-divider-separator>.elementor-divider__svg:last-of-type{flex-grow:0;flex-shrink:100}.elementor-widget-divider--element-align-right .elementor-divider-separator:after{content:none}.elementor-widget-divider--element-align-right .elementor-divider__element{margin-right:0}.elementor-widget-divider:not(.elementor-widget-divider--view-line_text):not(.elementor-widget-divider--view-line_icon) .elementor-divider-separator{border-top:var(--divider-border-width) var(--divider-border-style) var(--divider-color)}.elementor-widget-divider--separator-type-pattern{--divider-border-style:none}.elementor-widget-divider--separator-type-pattern.elementor-widget-divider--view-line .elementor-divider-separator,.elementor-widget-divider--separator-type-pattern:not(.elementor-widget-divider--view-line) .elementor-divider-separator:after,.elementor-widget-divider--separator-type-pattern:not(.elementor-widget-divider--view-line) .elementor-divider-separator:before,.elementor-widget-divider--separator-type-pattern:not([class*=elementor-widget-divider--view]) .elementor-divider-separator{width:100%;min-height:var(--divider-pattern-height);-webkit-mask-size:var(--divider-pattern-size) 100%;mask-size:var(--divider-pattern-size) 100%;-webkit-mask-repeat:var(--divider-pattern-repeat);mask-repeat:var(--divider-pattern-repeat);background-color:var(--divider-color);-webkit-mask-image:var(--divider-pattern-url);mask-image:var(--divider-pattern-url)}.elementor-widget-divider--no-spacing{--divider-pattern-size:auto}.elementor-widget-divider--bg-round{--divider-pattern-repeat:round}.rtl .elementor-widget-divider .elementor-divider__text{direction:rtl}.e-con-inner>.elementor-widget-divider,.e-con>.elementor-widget-divider{width:var(--container-widget-width,100%);--flex-grow:var(--container-widget-flex-grow)}<\/style>\t\t<div class=\"elementor-divider\">\n\t\t\t<span class=\"elementor-divider-separator\">\n\t\t\t\t\t\t<\/span>\n\t\t<\/div>\n\t\t\t\t<\/div>\n\t\t\t\t<\/div>\n\t\t\t\t\t<\/div>\n\t\t<\/div>\n\t\t\t\t\t\t\t<\/div>\n\t\t<\/section>\n\t\t\t\t<section class=\"elementor-section elementor-top-section elementor-element elementor-element-788d615 elementor-section-boxed elementor-section-height-default elementor-section-height-default\" data-id=\"788d615\" data-element_type=\"section\">\n\t\t\t\t\t\t<div class=\"elementor-container elementor-column-gap-default\">\n\t\t\t\t\t<div class=\"elementor-column elementor-col-50 elementor-top-column elementor-element elementor-element-5a63627\" data-id=\"5a63627\" data-element_type=\"column\">\n\t\t\t<div class=\"elementor-widget-wrap elementor-element-populated\">\n\t\t\t\t\t\t\t\t<div class=\"elementor-element elementor-element-4cbaedf elementor-position-top elementor-widget elementor-widget-image-box\" data-id=\"4cbaedf\" data-element_type=\"widget\" data-widget_type=\"image-box.default\">\n\t\t\t\t<div class=\"elementor-widget-container\">\n\t\t\t<style>\/*! elementor - v3.16.0 - 20-09-2023 *\/\n.elementor-widget-image-box .elementor-image-box-content{width:100%}@media (min-width:768px){.elementor-widget-image-box.elementor-position-left .elementor-image-box-wrapper,.elementor-widget-image-box.elementor-position-right .elementor-image-box-wrapper{display:flex}.elementor-widget-image-box.elementor-position-right .elementor-image-box-wrapper{text-align:right;flex-direction:row-reverse}.elementor-widget-image-box.elementor-position-left .elementor-image-box-wrapper{text-align:left;flex-direction:row}.elementor-widget-image-box.elementor-position-top .elementor-image-box-img{margin:auto}.elementor-widget-image-box.elementor-vertical-align-top .elementor-image-box-wrapper{align-items:flex-start}.elementor-widget-image-box.elementor-vertical-align-middle .elementor-image-box-wrapper{align-items:center}.elementor-widget-image-box.elementor-vertical-align-bottom .elementor-image-box-wrapper{align-items:flex-end}}@media (max-width:767px){.elementor-widget-image-box .elementor-image-box-img{margin-left:auto!important;margin-right:auto!important;margin-bottom:15px}}.elementor-widget-image-box .elementor-image-box-img{display:inline-block}.elementor-widget-image-box .elementor-image-box-title a{color:inherit}.elementor-widget-image-box .elementor-image-box-wrapper{text-align:center}.elementor-widget-image-box .elementor-image-box-description{margin:0}<\/style><div class=\"elementor-image-box-wrapper\"><figure class=\"elementor-image-box-img\"><img loading=\"lazy\" decoding=\"async\" width=\"1576\" height=\"685\" src=\"https:\/\/www.gradesa.com\/es\/wp-content\/uploads\/2022\/06\/Programa-de-Residuos-Solidos-01.jpg\" class=\"attachment-full size-full wp-image-5681\" alt=\"\" \/><\/figure><div class=\"elementor-image-box-content\"><h3 class=\"elementor-image-box-title\">Programa de Residuos S\u00f3lidos<\/h3><p class=\"elementor-image-box-description\">Dise\u00f1ado para el control, manejo y reducci\u00f3n progresiva de los residuos s\u00f3lidos generados en las diferentes \u00e1reas de la empresa. Para el manejo adecuado de los residuos los separamos mediante un c\u00f3digo de colores adoptado por la empresa. En Gradesa protegemos la salud humana y el ambiente.<\/p><\/div><\/div>\t\t<\/div>\n\t\t\t\t<\/div>\n\t\t\t\t\t<\/div>\n\t\t<\/div>\n\t\t\t\t<div class=\"elementor-column elementor-col-50 elementor-top-column elementor-element elementor-element-9f8d237\" data-id=\"9f8d237\" data-element_type=\"column\">\n\t\t\t<div class=\"elementor-widget-wrap elementor-element-populated\">\n\t\t\t\t\t\t\t\t<div class=\"elementor-element elementor-element-cbcbd34 elementor-position-top elementor-widget elementor-widget-image-box\" data-id=\"cbcbd34\" data-element_type=\"widget\" data-widget_type=\"image-box.default\">\n\t\t\t\t<div class=\"elementor-widget-container\">\n\t\t\t<div class=\"elementor-image-box-wrapper\"><figure class=\"elementor-image-box-img\"><img loading=\"lazy\" decoding=\"async\" width=\"1576\" height=\"685\" src=\"https:\/\/www.gradesa.com\/es\/wp-content\/uploads\/2022\/06\/Residuos-peligrosos.jpg\" class=\"attachment-full size-full wp-image-5677\" alt=\"\" \/><\/figure><div class=\"elementor-image-box-content\"><h3 class=\"elementor-image-box-title\">Programa de Residuos Peligrosos<\/h3><p class=\"elementor-image-box-description\">Dise\u00f1ado para el control, manejo y reducci\u00f3n progresiva de los desechos y residuos peligrosos generados en las actividades industriales de las diferentes \u00e1reas operativas de Gradesa. Le damos un adecuado manejo a los residuos acorde con la normatividad legal vigente.<\/p><\/div><\/div>\t\t<\/div>\n\t\t\t\t<\/div>\n\t\t\t\t\t<\/div>\n\t\t<\/div>\n\t\t\t\t\t\t\t<\/div>\n\t\t<\/section>\n\t\t\t\t<section class=\"elementor-section elementor-top-section elementor-element elementor-element-52aaa08 elementor-section-boxed elementor-section-height-default elementor-section-height-default\" data-id=\"52aaa08\" data-element_type=\"section\">\n\t\t\t\t\t\t<div class=\"elementor-container elementor-column-gap-default\">\n\t\t\t\t\t<div class=\"elementor-column elementor-col-50 elementor-top-column elementor-element elementor-element-ef749d6\" data-id=\"ef749d6\" data-element_type=\"column\">\n\t\t\t<div class=\"elementor-widget-wrap elementor-element-populated\">\n\t\t\t\t\t\t\t\t<div class=\"elementor-element elementor-element-3befb10 elementor-position-top elementor-widget elementor-widget-image-box\" data-id=\"3befb10\" data-element_type=\"widget\" data-widget_type=\"image-box.default\">\n\t\t\t\t<div class=\"elementor-widget-container\">\n\t\t\t<div class=\"elementor-image-box-wrapper\"><figure class=\"elementor-image-box-img\"><img loading=\"lazy\" decoding=\"async\" width=\"1576\" height=\"685\" src=\"https:\/\/www.gradesa.com\/es\/wp-content\/uploads\/2022\/06\/Ahorro-de-agua.jpg\" class=\"attachment-full size-full wp-image-5678\" alt=\"\" \/><\/figure><div class=\"elementor-image-box-content\"><h3 class=\"elementor-image-box-title\">Programa de ahorro y uso eficiente del agua<\/h3><p class=\"elementor-image-box-description\">Dise\u00f1ado para el control, manejo y reducci\u00f3n progresiva de los residuos s\u00f3lidos generados en las diferentes \u00e1reas de la empresa. Para el manejo adecuado de los residuos los separamos mediante un c\u00f3digo de colores adoptado por la empresa. En Gradesa protegemos la salud humana y el ambiente.<\/p><\/div><\/div>\t\t<\/div>\n\t\t\t\t<\/div>\n\t\t\t\t\t<\/div>\n\t\t<\/div>\n\t\t\t\t<div class=\"elementor-column elementor-col-50 elementor-top-column elementor-element elementor-element-53be190\" data-id=\"53be190\" data-element_type=\"column\">\n\t\t\t<div class=\"elementor-widget-wrap elementor-element-populated\">\n\t\t\t\t\t\t\t\t<div class=\"elementor-element elementor-element-ab021d8 elementor-position-top elementor-widget elementor-widget-image-box\" data-id=\"ab021d8\" data-element_type=\"widget\" data-widget_type=\"image-box.default\">\n\t\t\t\t<div class=\"elementor-widget-container\">\n\t\t\t<div class=\"elementor-image-box-wrapper\"><figure class=\"elementor-image-box-img\"><img loading=\"lazy\" decoding=\"async\" width=\"1576\" height=\"685\" src=\"https:\/\/www.gradesa.com\/es\/wp-content\/uploads\/2022\/06\/Emisiones-atmosfericas.jpg\" class=\"attachment-full size-full wp-image-5679\" alt=\"\" \/><\/figure><div class=\"elementor-image-box-content\"><h3 class=\"elementor-image-box-title\">Programa de Emisiones Atmosf\u00e9ricas<\/h3><p class=\"elementor-image-box-description\">Controlamos las emisiones por generaci\u00f3n de vapor y las fuentes fijas de emisiones atmosf\u00e9ricas. Para evitar contaminaci\u00f3n al medio ambiente y alteraci\u00f3n de la salud de la poblaci\u00f3n aleda\u00f1a.<\/p><\/div><\/div>\t\t<\/div>\n\t\t\t\t<\/div>\n\t\t\t\t\t<\/div>\n\t\t<\/div>\n\t\t\t\t\t\t\t<\/div>\n\t\t<\/section>\n\t\t\t\t<section class=\"elementor-section elementor-top-section elementor-element elementor-element-41d428e elementor-section-boxed elementor-section-height-default elementor-section-height-default\" data-id=\"41d428e\" data-element_type=\"section\">\n\t\t\t\t\t\t<div class=\"elementor-container elementor-column-gap-default\">\n\t\t\t\t\t<div class=\"elementor-column elementor-col-50 elementor-top-column elementor-element elementor-element-1f91d13\" data-id=\"1f91d13\" data-element_type=\"column\">\n\t\t\t<div class=\"elementor-widget-wrap elementor-element-populated\">\n\t\t\t\t\t\t\t\t<div class=\"elementor-element elementor-element-fc1e5f4 elementor-position-top elementor-widget elementor-widget-image-box\" data-id=\"fc1e5f4\" data-element_type=\"widget\" data-widget_type=\"image-box.default\">\n\t\t\t\t<div class=\"elementor-widget-container\">\n\t\t\t<div class=\"elementor-image-box-wrapper\"><figure class=\"elementor-image-box-img\"><img loading=\"lazy\" decoding=\"async\" width=\"2560\" height=\"1113\" src=\"https:\/\/www.gradesa.com\/es\/wp-content\/uploads\/2022\/07\/Control-de-plagas-background-scaled.jpg\" class=\"attachment-full size-full wp-image-6489\" alt=\"\" \/><\/figure><div class=\"elementor-image-box-content\"><h3 class=\"elementor-image-box-title\">Programa de control de plagas<\/h3><p class=\"elementor-image-box-description\">El objetivo de este programa es controlar la proliferaci\u00f3n de plagas como moscas, cucarachas y roedores entre otros, para evitar contaminaci\u00f3n dentro de las instalaciones de GRADESA S.A. preservando la inocuidad alimentaria.<\/p><\/div><\/div>\t\t<\/div>\n\t\t\t\t<\/div>\n\t\t\t\t\t<\/div>\n\t\t<\/div>\n\t\t\t\t<div class=\"elementor-column elementor-col-50 elementor-top-column elementor-element elementor-element-56445f6\" data-id=\"56445f6\" data-element_type=\"column\">\n\t\t\t<div class=\"elementor-widget-wrap elementor-element-populated\">\n\t\t\t\t\t\t\t\t<div class=\"elementor-element elementor-element-88b2324 elementor-position-top elementor-widget elementor-widget-image-box\" data-id=\"88b2324\" data-element_type=\"widget\" data-widget_type=\"image-box.default\">\n\t\t\t\t<div class=\"elementor-widget-container\">\n\t\t\t<div class=\"elementor-image-box-wrapper\"><figure class=\"elementor-image-box-img\"><img loading=\"lazy\" decoding=\"async\" width=\"2560\" height=\"1113\" src=\"https:\/\/www.gradesa.com\/es\/wp-content\/uploads\/2022\/07\/Residuos-liquidos-backgrous-scaled.jpg\" class=\"attachment-full size-full wp-image-6490\" alt=\"\" \/><\/figure><div class=\"elementor-image-box-content\"><h3 class=\"elementor-image-box-title\">Programa de residuos l\u00edquidos<\/h3><p class=\"elementor-image-box-description\">Este programa se dise\u00f1o con el fin de controlar, verificar y tratar los efluentes de cada proceso productivo y administrativo que se generan en la empresa, y cumplir a cabalidad los requisitos de la ley para el manejo de las aguas residuales industriales y domesticas seg\u00fan el caso. <\/p><\/div><\/div>\t\t<\/div>\n\t\t\t\t<\/div>\n\t\t\t\t\t<\/div>\n\t\t<\/div>\n\t\t\t\t\t\t\t<\/div>\n\t\t<\/section>\n\t\t\t\t<section class=\"elementor-section elementor-top-section elementor-element elementor-element-85faaa0 elementor-section-stretched elementor-section-boxed elementor-section-height-default elementor-section-height-default\" data-id=\"85faaa0\" data-element_type=\"section\" data-settings=\"{&quot;stretch_section&quot;:&quot;section-stretched&quot;}\">\n\t\t\t\t\t\t<div class=\"elementor-container elementor-column-gap-default\">\n\t\t\t\t\t<div class=\"elementor-column elementor-col-100 elementor-top-column elementor-element elementor-element-e0056bd\" data-id=\"e0056bd\" data-element_type=\"column\">\n\t\t\t<div class=\"elementor-widget-wrap elementor-element-populated\">\n\t\t\t\t\t\t\t\t<div class=\"elementor-element elementor-element-d05a0f6 elementor-widget-divider--view-line elementor-widget elementor-widget-divider\" data-id=\"d05a0f6\" data-element_type=\"widget\" data-widget_type=\"divider.default\">\n\t\t\t\t<div class=\"elementor-widget-container\">\n\t\t\t\t\t<div class=\"elementor-divider\">\n\t\t\t<span class=\"elementor-divider-separator\">\n\t\t\t\t\t\t<\/span>\n\t\t<\/div>\n\t\t\t\t<\/div>\n\t\t\t\t<\/div>\n\t\t\t\t\t<\/div>\n\t\t<\/div>\n\t\t\t\t\t\t\t<\/div>\n\t\t<\/section>\n\t\t\t\t\t\t\t<\/div>\n\t\t","protected":false},"excerpt":{"rendered":"<p>GRADESA S.A. es una empresa socialmente responsable, su participaci\u00f3n con la comunidad es activa logrando as\u00ed el mejoramiento de la calidad de vida de las familias asentadas en sus zonas de influencia. \u00a0 En cumplimiento con las acciones de responsabilidad ambiental empresarial, proporciona recursos log\u00edsticos, econommicos, t\u00e9cnicos y financieros, con el fin de apoyar las &hellip; <a href=\"https:\/\/www.gradesa.com\/es\/gestion-ambiental\/\" class=\"more-link\">Continue reading <span class=\"screen-reader-text\">Gesti\u00f3n Ambiental<\/span><\/a><\/p>\n","protected":false},"author":1,"featured_media":0,"parent":0,"menu_order":0,"comment_status":"closed","ping_status":"closed","template":"","meta":{"_joinchat":[],"footnotes":""},"class_list":["post-4613","page","type-page","status-publish","hentry"],"_links":{"self":[{"href":"https:\/\/www.gradesa.com\/es\/wp-json\/wp\/v2\/pages\/4613","targetHints":{"allow":["GET"]}}],"collection":[{"href":"https:\/\/www.gradesa.com\/es\/wp-json\/wp\/v2\/pages"}],"about":[{"href":"https:\/\/www.gradesa.com\/es\/wp-json\/wp\/v2\/types\/page"}],"author":[{"embeddable":true,"href":"https:\/\/www.gradesa.com\/es\/wp-json\/wp\/v2\/users\/1"}],"replies":[{"embeddable":true,"href":"https:\/\/www.gradesa.com\/es\/wp-json\/wp\/v2\/comments?post=4613"}],"version-history":[{"count":40,"href":"https:\/\/www.gradesa.com\/es\/wp-json\/wp\/v2\/pages\/4613\/revisions"}],"predecessor-version":[{"id":6496,"href":"https:\/\/www.gradesa.com\/es\/wp-json\/wp\/v2\/pages\/4613\/revisions\/6496"}],"wp:attachment":[{"href":"https:\/\/www.gradesa.com\/es\/wp-json\/wp\/v2\/media?parent=4613"}],"curies":[{"name":"wp","href":"https:\/\/api.w.org\/{rel}","templated":true}]}}