{"id":4622,"date":"2022-06-05T05:12:41","date_gmt":"2022-06-05T05:12:41","guid":{"rendered":"https:\/\/www.gradesa.com\/es\/?page_id=4622"},"modified":"2025-07-22T14:16:48","modified_gmt":"2025-07-22T14:16:48","slug":"certificaciones-y-politicas","status":"publish","type":"page","link":"https:\/\/www.gradesa.com\/es\/certificaciones-y-politicas\/","title":{"rendered":"Certificaciones y pol\u00edticas"},"content":{"rendered":"<h4>Certificaciones y pol\u00edticas<\/h4>\n<p>GRADESA S.A ha adoptado e implementado normas que contribuyen al mejoramiento de sus procesos en Calidad e Inocuidad, logrando posicionamiento en el mercado y confianza entre los clientes.<\/p>\n<p>El Sistema de Gesti\u00f3n de Calidad de GRADESA S.A. cubre la extracci\u00f3n de aceite de palma y aceite de palmiste, refinaci\u00f3n, llenado, elaboraci\u00f3n de margarinas industriales, almacenamiento, distribuci\u00f3n y comercializaci\u00f3n de grasas y aceites vegetales.<\/p>\n<p>Adem\u00e1s contamos con la Certificaci\u00f3n Kosher para nuestros productos de Margarinas y Aceites S\u00f3lidos.<\/p>\n<p>Gradesa est\u00e1 en aras de implementar el Sistema HACCP para mejorar sus procesos.<\/p>\n<style>\/*! elementor - v3.6.6 - 08-06-2022 *\/<br \/>\n.elementor-widget-divider{--divider-border-style:none;--divider-border-width:1px;--divider-color:#2c2c2c;--divider-icon-size:20px;--divider-element-spacing:10px;--divider-pattern-height:24px;--divider-pattern-size:20px;--divider-pattern-url:none;--divider-pattern-repeat:repeat-x}.elementor-widget-divider .elementor-divider{display:-webkit-box;display:-ms-flexbox;display:flex}.elementor-widget-divider .elementor-divider__text{font-size:15px;line-height:1;max-width:95%}.elementor-widget-divider .elementor-divider__element{margin:0 var(--divider-element-spacing);-ms-flex-negative:0;flex-shrink:0}.elementor-widget-divider .elementor-icon{font-size:var(--divider-icon-size)}.elementor-widget-divider .elementor-divider-separator{display:-webkit-box;display:-ms-flexbox;display:flex;margin:0;direction:ltr}.elementor-widget-divider--view-line_icon .elementor-divider-separator,.elementor-widget-divider--view-line_text .elementor-divider-separator{-webkit-box-align:center;-ms-flex-align:center;align-items:center}.elementor-widget-divider--view-line_icon .elementor-divider-separator:after,.elementor-widget-divider--view-line_icon .elementor-divider-separator:before,.elementor-widget-divider--view-line_text .elementor-divider-separator:after,.elementor-widget-divider--view-line_text .elementor-divider-separator:before{display:block;content:\"\";border-bottom:0;-webkit-box-flex:1;-ms-flex-positive:1;flex-grow:1;border-top:var(--divider-border-width) var(--divider-border-style) var(--divider-color)}.elementor-widget-divider--element-align-left .elementor-divider .elementor-divider-separator>.elementor-divider__svg:first-of-type{-webkit-box-flex:0;-ms-flex-positive:0;flex-grow:0;-ms-flex-negative:100;flex-shrink:100}.elementor-widget-divider--element-align-left .elementor-divider-separator:before{content:none}.elementor-widget-divider--element-align-left .elementor-divider__element{margin-left:0}.elementor-widget-divider--element-align-right .elementor-divider .elementor-divider-separator>.elementor-divider__svg:last-of-type{-webkit-box-flex:0;-ms-flex-positive:0;flex-grow:0;-ms-flex-negative:100;flex-shrink:100}.elementor-widget-divider--element-align-right .elementor-divider-separator:after{content:none}.elementor-widget-divider--element-align-right .elementor-divider__element{margin-right:0}.elementor-widget-divider:not(.elementor-widget-divider--view-line_text):not(.elementor-widget-divider--view-line_icon) .elementor-divider-separator{border-top:var(--divider-border-width) var(--divider-border-style) var(--divider-color)}.elementor-widget-divider--separator-type-pattern{--divider-border-style:none}.elementor-widget-divider--separator-type-pattern.elementor-widget-divider--view-line .elementor-divider-separator,.elementor-widget-divider--separator-type-pattern:not(.elementor-widget-divider--view-line) .elementor-divider-separator:after,.elementor-widget-divider--separator-type-pattern:not(.elementor-widget-divider--view-line) .elementor-divider-separator:before,.elementor-widget-divider--separator-type-pattern:not([class*=elementor-widget-divider--view]) .elementor-divider-separator{width:100%;min-height:var(--divider-pattern-height);-webkit-mask-size:var(--divider-pattern-size) 100%;mask-size:var(--divider-pattern-size) 100%;-webkit-mask-repeat:var(--divider-pattern-repeat);mask-repeat:var(--divider-pattern-repeat);background-color:var(--divider-color);-webkit-mask-image:var(--divider-pattern-url);mask-image:var(--divider-pattern-url)}.elementor-widget-divider--no-spacing{--divider-pattern-size:auto}.elementor-widget-divider--bg-round{--divider-pattern-repeat:round}.rtl .elementor-widget-divider .elementor-divider__text{direction:rtl}<\/style>\n<h4>Pol\u00edtica del sistema integrado de gesti\u00f3n<\/h4>\n<p>GRADESA S.A, empresa dedicada a la fabricaci\u00f3n, distribuci\u00f3n, compra y venta de aceites y grasas de origen vegetal, est\u00e1 enfocada a la sostenibilidad, la rentabilidad y el posicionamiento en el mercado, comprometida con el cumplimiento legal vigente del sector, los requisitos de las partes interesadas y el mejoramiento continuo organizacional.<\/p>\n<p>Por ello, promovemos la excelencia operacional mediante:<\/p>\n<p>1. La cultura empresarial integral formando colaboradores competentes.<\/p>\n<p>2. La responsabilidad social empresarial mitigando impactos ambientales adversos.<\/p>\n<p>3. La seguridad y salud de los trabajadores identificando peligros, valorando riesgos y determinando controles que apunten a prevenir accidentes de trabajo y enfermedades laborales.<\/p>\n<p>4. La inocuidad de los productos alimenticios controlando la contaminaci\u00f3n f\u00edsica, qu\u00edmica y biol\u00f3gica.<\/p>\n<p>5. La protecci\u00f3n de la confidencialidad, integridad, disponibilidad y autenticidad de los activos de informaci\u00f3n.<\/p>\n","protected":false},"excerpt":{"rendered":"<p>Certificaciones y pol\u00edticas GRADESA S.A ha adoptado e implementado normas que contribuyen al mejoramiento de sus procesos en Calidad e Inocuidad, logrando posicionamiento en el mercado y confianza entre los clientes. El Sistema de Gesti\u00f3n de Calidad de GRADESA S.A. cubre la extracci\u00f3n de aceite de palma y aceite de palmiste, refinaci\u00f3n, llenado, elaboraci\u00f3n de &hellip; <a href=\"https:\/\/www.gradesa.com\/es\/certificaciones-y-politicas\/\" class=\"more-link\">Continue reading <span class=\"screen-reader-text\">Certificaciones y pol\u00edticas<\/span><\/a><\/p>\n","protected":false},"author":1,"featured_media":0,"parent":0,"menu_order":0,"comment_status":"closed","ping_status":"closed","template":"","meta":{"_joinchat":[],"footnotes":""},"class_list":["post-4622","page","type-page","status-publish","hentry"],"_links":{"self":[{"href":"https:\/\/www.gradesa.com\/es\/wp-json\/wp\/v2\/pages\/4622","targetHints":{"allow":["GET"]}}],"collection":[{"href":"https:\/\/www.gradesa.com\/es\/wp-json\/wp\/v2\/pages"}],"about":[{"href":"https:\/\/www.gradesa.com\/es\/wp-json\/wp\/v2\/types\/page"}],"author":[{"embeddable":true,"href":"https:\/\/www.gradesa.com\/es\/wp-json\/wp\/v2\/users\/1"}],"replies":[{"embeddable":true,"href":"https:\/\/www.gradesa.com\/es\/wp-json\/wp\/v2\/comments?post=4622"}],"version-history":[{"count":15,"href":"https:\/\/www.gradesa.com\/es\/wp-json\/wp\/v2\/pages\/4622\/revisions"}],"predecessor-version":[{"id":7076,"href":"https:\/\/www.gradesa.com\/es\/wp-json\/wp\/v2\/pages\/4622\/revisions\/7076"}],"wp:attachment":[{"href":"https:\/\/www.gradesa.com\/es\/wp-json\/wp\/v2\/media?parent=4622"}],"curies":[{"name":"wp","href":"https:\/\/api.w.org\/{rel}","templated":true}]}}